{"id":3512,"date":"2021-08-04T05:56:26","date_gmt":"2021-08-04T05:56:26","guid":{"rendered":"https:\/\/pajta.hu\/borlap\/"},"modified":"2021-08-04T05:56:26","modified_gmt":"2021-08-04T05:56:26","slug":"borlap","status":"publish","type":"page","link":"https:\/\/pajta.hu\/en\/borlap\/","title":{"rendered":"Borlap"},"content":{"rendered":"\n<div class=\"wp-block-file\">\n<a href=\"https:\/\/pajta.hu\/wp-content\/uploads\/2021\/08\/CSG_PF_21_08_01_ENG.pdf\">Pezsg\u0151k \u00e9s Feh\u00e9rborok<\/a><a href=\"https:\/\/pajta.hu\/wp-content\/uploads\/2021\/08\/CSG_PF_21_08_01_ENG.pdf\" class=\"wp-block-file__button\" download>Let\u00f6lt\u00e9s<\/a>\n<\/div>\n\n\n\n<div class=\"wp-block-file\">\n<a href=\"https:\/\/pajta.hu\/wp-content\/uploads\/2021\/08\/CSG_RVE_21_08_01_ENG.pdf\">Roz\u00e9- \u00e9s V\u00f6r\u00f6sborok<\/a><a href=\"https:\/\/pajta.hu\/wp-content\/uploads\/2021\/08\/CSG_RVE_21_08_01_ENG.pdf\" class=\"wp-block-file__button\" download>Let\u00f6lt\u00e9s<\/a>\n<\/div>\n\n\n\n<p><\/p>\n","protected":false},"excerpt":{"rendered":"","protected":false},"author":2,"featured_media":0,"parent":0,"menu_order":0,"comment_status":"closed","ping_status":"closed","template":"","meta":{"footnotes":""},"_links":{"self":[{"href":"https:\/\/pajta.hu\/en\/wp-json\/wp\/v2\/pages\/3512"}],"collection":[{"href":"https:\/\/pajta.hu\/en\/wp-json\/wp\/v2\/pages"}],"about":[{"href":"https:\/\/pajta.hu\/en\/wp-json\/wp\/v2\/types\/page"}],"author":[{"embeddable":true,"href":"https:\/\/pajta.hu\/en\/wp-json\/wp\/v2\/users\/2"}],"replies":[{"embeddable":true,"href":"https:\/\/pajta.hu\/en\/wp-json\/wp\/v2\/comments?post=3512"}],"version-history":[{"count":0,"href":"https:\/\/pajta.hu\/en\/wp-json\/wp\/v2\/pages\/3512\/revisions"}],"wp:attachment":[{"href":"https:\/\/pajta.hu\/en\/wp-json\/wp\/v2\/media?parent=3512"}],"curies":[{"name":"wp","href":"https:\/\/api.w.org\/{rel}","templated":true}]}}